{"id":1325,"date":"2021-05-10T11:55:59","date_gmt":"2021-05-10T09:55:59","guid":{"rendered":"http:\/\/emg2.com\/?page_id=1325"},"modified":"2022-04-04T16:34:35","modified_gmt":"2022-04-04T14:34:35","slug":"networks-and-communications","status":"publish","type":"page","link":"https:\/\/emg2.com\/en\/solutions\/networks-and-communications\/","title":{"rendered":"NETWORKS AND COMMUNICATIONS"},"content":{"rendered":"<p>[vc_row css_animation=&#8221;&#8221; row_type=&#8221;row&#8221; use_row_as_full_screen_section=&#8221;no&#8221; type=&#8221;full_width&#8221; angled_section=&#8221;no&#8221; text_align=&#8221;left&#8221; background_image_as_pattern=&#8221;without_pattern&#8221; css=&#8221;.vc_custom_1610372892710{padding-top: 200px !important;padding-bottom: 200px !important;}&#8221; z_index=&#8221;&#8221; background_image=&#8221;691&#8243;][vc_column][\/vc_column][\/vc_row][vc_row css_animation=&#8221;&#8221; row_type=&#8221;row&#8221; use_row_as_full_screen_section=&#8221;no&#8221; type=&#8221;full_width&#8221; angled_section=&#8221;no&#8221; text_align=&#8221;left&#8221; background_image_as_pattern=&#8221;without_pattern&#8221;][vc_column][vc_row_inner row_type=&#8221;row&#8221; type=&#8221;grid&#8221; text_align=&#8221;left&#8221; css_animation=&#8221;&#8221; css=&#8221;.vc_custom_1608112591010{margin-bottom: 60px !important;}&#8221;][vc_column_inner][vc_column_text el_class=&#8221;title-page&#8221;]<\/p>\n<h1>NETWORKS AND COMMUNICATIONS<\/h1>\n<p>[\/vc_column_text][vc_column_text el_class=&#8221;home-subtitle hidden&#8221;]<\/p>\n<p><span style=\"font-weight: 400;\">L\u2019\u00e9change de donn\u00e9es, la transmission d\u2019informations ou l\u2019analyse des communications restent les points cruciaux pour contr\u00f4ler et organiser les ressources sur le terrain et se pr\u00e9munir des risques \u00e9ventuels. Ceci implique de pouvoir disposer d\u2019infrastructures et de r\u00e9seaux efficaces, s\u00e9curis\u00e9s et robustes ou de pouvoir en d\u00e9ployer rapidement sur le terrain.<\/span><\/p>\n<p>[\/vc_column_text][\/vc_column_inner][\/vc_row_inner][vc_row_inner row_type=&#8221;row&#8221; type=&#8221;grid&#8221; text_align=&#8221;left&#8221; css_animation=&#8221;&#8221; el_class=&#8221;detail-row&#8221; css=&#8221;.vc_custom_1621935518079{margin-bottom: 60px !important;}&#8221; el_id=&#8221;gige_platform&#8221;][vc_column_inner width=&#8221;2\/5&#8243;][vc_column_text el_class=&#8221;detail-subtitle&#8221;]<\/p>\n<h2>High speed transmission (&gt;100Gbps)\u00a0<b class=\"trait-1\"> \/<\/b><b class=\"trait-2\">\/<\/b><b class=\"trait-3\">\/<\/b><\/h2>\n<p>[\/vc_column_text][vc_single_image image=&#8221;877&#8243; img_size=&#8221;370&#215;300&#8243; qode_css_animation=&#8221;&#8221;][\/vc_column_inner][vc_column_inner width=&#8221;3\/5&#8243;][vc_column_text css=&#8221;.vc_custom_1649082354879{padding-top: 30px !important;}&#8221;]<\/p>\n<p style=\"text-align: justify;\">To meet the growing demands of data to be exchanged, EMG2 offers versatile and <strong>fully reconfigurable cards with multiple SFP\/QSFP<\/strong> cages to easily adapt to any kind of protocol and communication mode <strong>from 1Gbps to over 400 Gbps per link<\/strong>. Such solutions offer <strong>huge bandwidths<\/strong> (more than 1TB\/s per card) concentrated around a <strong>high-performance computing node<\/strong> for very <strong>low latency<\/strong> and <strong>real-time processing needs<\/strong>. Available in <strong>PCIe format<\/strong> with an optionnal pre-integration into servers, they are ideal solutions for all high-end data transmission needs, whether for <strong>anti-DDoS, network analysis functions, smartNICs, flow aggregation, smart switches\/routers<\/strong> but also for <strong>High Frequency Trading (HFT) solutions.<\/strong><\/p>\n<p>[\/vc_column_text][vc_column_text el_class=&#8221;liste-application&#8221;]<a href=\"https:\/\/emg2.com\/en\/applications\/communications\/\"><i>M<\/i><\/a><a href=\"https:\/\/emg2.com\/en\/applications\/defense-et-militaire\/\"><i>Y<\/i><\/a><a href=\"Https:\/\/emg2.com\/en\/applications\/scientifique\/\"><i>X<\/i><\/a><a href=\"https:\/\/emg2.com\/en\/applications\/banque-et-finance\/\"><i>S<\/i><\/a><a href=\"https:\/\/emg2.com\/en\/applications\/securite\/\"><i>j<\/i><\/a><a href=\"https:\/\/emg2.com\/en\/applications\/medical\/\"><i>E<\/i><\/a><a href=\"https:\/\/emg2.com\/en\/applications\/transports\/\"><i>I<\/i><\/a>[\/vc_column_text][\/vc_column_inner][\/vc_row_inner][vc_row_inner row_type=&#8221;row&#8221; type=&#8221;grid&#8221; text_align=&#8221;left&#8221; css_animation=&#8221;&#8221; el_class=&#8221;detail-row&#8221; css=&#8221;.vc_custom_1621935562129{margin-bottom: 60px !important;}&#8221; el_id=&#8221;sdr_cards&#8221;][vc_column_inner width=&#8221;3\/5&#8243;][vc_column_text el_class=&#8221;detail-subtitle&#8221;]<\/p>\n<h2>SDR CARDS AND 3G\/4G\/5G NETWORKS <b class=\"trait-1\" style=\"font-size: 16px;\">\/<\/b><b class=\"trait-2\" style=\"font-size: 16px;\">\/<\/b><b class=\"trait-3\" style=\"font-size: 16px;\">\/<\/b><\/h2>\n<p>[\/vc_column_text][vc_column_text css=&#8221;.vc_custom_1649082505626{padding-top: 30px !important;}&#8221;]<\/p>\n<p style=\"text-align: justify;\">To ensure the <strong>scalability of wireless network communications infrastructures<\/strong> and to keep up with the constant evolution of wireless communication protocols <strong>(3G, 4G, 5G, LTE, &#8230;)<\/strong>, EMG2 offers <strong>compact and modular SDR boards<\/strong> with large computing resources<strong> (FPGA and processors)<\/strong> coupled with <strong>versatile and wideband RF interfaces<\/strong>. Such solutions can be easily integrated into <strong>embedded systems<\/strong>, test and <strong>measurement benches or base stations<\/strong> (BTS, eNB, gNB). They offer all the <strong>agility<\/strong> required for this type of application and could be <strong>combined together<\/strong> or with additionnal resources to achieve more global <strong>MIMO, M-MIMO<\/strong> or <strong>beamforming<\/strong> functions and adapt to the many wireless communication modes.<\/p>\n<p>[\/vc_column_text][vc_column_text el_class=&#8221;liste-application&#8221;]<a href=\"https:\/\/emg2.com\/en\/applications\/communications\/\"><i>M<\/i><\/a><a href=\"https:\/\/emg2.com\/en\/applications\/defense-et-militaire\/\"><i>Y<\/i><\/a><a href=\"https:\/\/emg2.com\/en\/applications\/industriel\/\"><i>U<\/i><\/a><a href=\"Https:\/\/emg2.com\/en\/applications\/scientifique\/\"><i>X<\/i><\/a><a href=\"https:\/\/emg2.com\/en\/applications\/securite\/\"><i>j<\/i><\/a><a href=\"https:\/\/emg2.com\/en\/applications\/environnements-severes\/\"><i>a<\/i><\/a><a href=\"https:\/\/emg2.com\/en\/applications\/medical\/\"><i>E<\/i><\/a><a href=\"https:\/\/emg2.com\/en\/applications\/transports\/\"><i>I<\/i><\/a>[\/vc_column_text][\/vc_column_inner][vc_column_inner width=&#8221;2\/5&#8243;][vc_single_image image=&#8221;982&#8243; img_size=&#8221;370&#215;300&#8243; alignment=&#8221;right&#8221; qode_css_animation=&#8221;&#8221;][\/vc_column_inner][\/vc_row_inner][vc_row_inner row_type=&#8221;row&#8221; type=&#8221;grid&#8221; text_align=&#8221;left&#8221; css_animation=&#8221;&#8221; el_class=&#8221;detail-row&#8221; css=&#8221;.vc_custom_1621935598214{margin-bottom: 60px !important;}&#8221; el_id=&#8221;IoT&#8221;][vc_column_inner width=&#8221;2\/5&#8243;][vc_column_text el_class=&#8221;detail-subtitle&#8221;]<\/p>\n<h2>IoT Gateway and private networks <b class=\"trait-1\">\/<\/b><b class=\"trait-2\">\/<\/b><b class=\"trait-3\">\/<\/b><\/h2>\n<p>[\/vc_column_text][vc_single_image image=&#8221;881&#8243; img_size=&#8221;370&#215;300&#8243; qode_css_animation=&#8221;&#8221;][\/vc_column_inner][vc_column_inner width=&#8221;3\/5&#8243;][vc_column_text css=&#8221;.vc_custom_1649082754789{padding-top: 30px !important;}&#8221;]<\/p>\n<p style=\"text-align: justify;\">While the <strong>NB-IoT<\/strong> protocol tends to stand out from its competitors to support the <strong>explosion of connected objects<\/strong>, a <strong>wide variety<\/strong> of other dedicated protocols remains on the IoT market, based on existing network infrastructures <strong>(cellular networks)<\/strong> or more specific ones. Due to such uncertainty, and to respond more broadly to the<strong> future scalability needs of infrastructures<\/strong> and test systems, EMG2 offers a <strong>modular and versatile IoT platform<\/strong>, enabling various wireless and wired networks to be i<strong>nterconnected around flexible and reconfigurable computing resources<\/strong>. Available in a compact and embedded package, this <strong>versatile<\/strong> <strong>IoT Gateway<\/strong> represents a <strong>simple and efficient<\/strong> solution to existing and future issues.<\/p>\n<p>[\/vc_column_text][vc_column_text el_class=&#8221;liste-application&#8221;]<a href=\"https:\/\/emg2.com\/en\/applications\/communications\/\"><i>M<\/i><\/a><a href=\"https:\/\/emg2.com\/en\/applications\/defense-et-militaire\/\"><i>Y<\/i><\/a><a href=\"https:\/\/emg2.com\/en\/applications\/industriel\/\"><i>U<\/i><\/a><a href=\"Https:\/\/emg2.com\/en\/applications\/scientifique\/\"><i>X<\/i><\/a><a href=\"https:\/\/emg2.com\/en\/applications\/securite\/\"><i>j<\/i><\/a><a href=\"https:\/\/emg2.com\/en\/applications\/environnements-severes\/\"><i>a<\/i><\/a><a href=\"https:\/\/emg2.com\/en\/applications\/medical\/\"><i>E<\/i><\/a><a href=\"https:\/\/emg2.com\/en\/applications\/transports\/\"><i>I<\/i><\/a>[\/vc_column_text][\/vc_column_inner][\/vc_row_inner][vc_row_inner row_type=&#8221;row&#8221; type=&#8221;grid&#8221; text_align=&#8221;left&#8221; css_animation=&#8221;&#8221; el_class=&#8221;detail-row&#8221; css=&#8221;.vc_custom_1621935562129{margin-bottom: 60px !important;}&#8221;][vc_column_inner width=&#8221;3\/5&#8243;][vc_column_text el_class=&#8221;detail-subtitle&#8221;]<\/p>\n<h2>Rugged networking <b class=\"trait-1\" style=\"font-size: 16px;\">\/<\/b><b class=\"trait-2\" style=\"font-size: 16px;\">\/<\/b><b class=\"trait-3\" style=\"font-size: 16px;\">\/<\/b><\/h2>\n<p>[\/vc_column_text][vc_column_text css=&#8221;.vc_custom_1649082868519{padding-top: 30px !important;}&#8221;]<\/p>\n<p style=\"text-align: justify;\">The flow of data and multimedia information to be exchanged is increasing everywhere, including in <strong>harsch environments<\/strong> such as in military or aeronautical application. Our diversified offer of <strong>Ethernet switches and routers up to 10Gbps<\/strong>, <strong>USB hubs and network media converters<\/strong> meet all the <strong>SWaP<\/strong> constraints of such applications. Available in <strong>various form factors<\/strong>, whether in modules, as <strong>VPX boards<\/strong> or as <strong>fully integrated embedded systems in MIL-STD<\/strong> packages, these<strong> rugged solutions<\/strong> are ready to be deployed in the field, while meeting the most demanding norms and quality standards.<\/p>\n<p>[\/vc_column_text][vc_column_text el_class=&#8221;liste-application&#8221;]<a href=\"https:\/\/emg2.com\/en\/applications\/communications\/\"><i>M<\/i><\/a><a href=\"https:\/\/emg2.com\/en\/applications\/defense-et-militaire\/\"><i>Y<\/i><\/a><a href=\"https:\/\/emg2.com\/en\/applications\/industriel\/\"><i>U<\/i><\/a><a href=\"Https:\/\/emg2.com\/en\/applications\/scientifique\/\"><i>X<\/i><\/a><a href=\"https:\/\/emg2.com\/en\/applications\/securite\/\"><i>j<\/i><\/a><a href=\"https:\/\/emg2.com\/en\/applications\/environnements-severes\/\"><i>a<\/i><\/a><a href=\"https:\/\/emg2.com\/en\/applications\/medical\/\"><i>E<\/i><\/a><a href=\"https:\/\/emg2.com\/en\/applications\/transports\/\"><i>I<\/i><\/a>[\/vc_column_text][\/vc_column_inner][vc_column_inner width=&#8221;2\/5&#8243;][vc_single_image image=&#8221;1921&#8243; img_size=&#8221;370&#215;300&#8243; alignment=&#8221;right&#8221; qode_css_animation=&#8221;&#8221;][\/vc_column_inner][\/vc_row_inner][\/vc_column][\/vc_row][vc_row css_animation=&#8221;&#8221; row_type=&#8221;row&#8221; use_row_as_full_screen_section=&#8221;no&#8221; type=&#8221;full_width&#8221; angled_section=&#8221;no&#8221; text_align=&#8221;left&#8221; background_image_as_pattern=&#8221;without_pattern&#8221; css=&#8221;.vc_custom_1610387285549{margin-bottom: 65px !important;}&#8221; z_index=&#8221;&#8221; el_class=&#8221;hidden&#8221;][vc_column][vc_row_inner row_type=&#8221;row&#8221; type=&#8221;grid&#8221; text_align=&#8221;left&#8221; css_animation=&#8221;&#8221;][vc_column_inner][vc_column_text el_class=&#8221;detail-subtitle&#8221; css=&#8221;.vc_custom_1610358900527{margin-bottom: 30px !important;}&#8221;]<\/p>\n<h2>Markets <b class=\"trait-1\">\/<\/b><b class=\"trait-2\">\/<\/b><b class=\"trait-3\">\/<\/b><\/h2>\n<p>[\/vc_column_text][\/vc_column_inner][\/vc_row_inner][vc_row_inner row_type=&#8221;row&#8221; type=&#8221;grid&#8221; text_align=&#8221;left&#8221; css_animation=&#8221;&#8221;][vc_column_inner width=&#8221;1\/6&#8243;][vc_raw_html]JTNDaSUyMGNsYXNzJTNEJTIyaWNvbiUyMGljb24tYXBwbGljYXRpb25zJTIyJTNFJTI2JTIzeDAwNDMlM0IlM0MlMkZpJTNF[\/vc_raw_html][vc_column_text]<\/p>\n<p style=\"text-align: center;\">Transport<\/p>\n<p>[\/vc_column_text][\/vc_column_inner][vc_column_inner width=&#8221;1\/6&#8243;][\/vc_column_inner][vc_column_inner width=&#8221;1\/6&#8243;][\/vc_column_inner][vc_column_inner width=&#8221;1\/6&#8243;][\/vc_column_inner][vc_column_inner width=&#8221;1\/6&#8243;][\/vc_column_inner][vc_column_inner width=&#8221;1\/6&#8243;][\/vc_column_inner][\/vc_row_inner][\/vc_column][\/vc_row][vc_row css_animation=&#8221;&#8221; row_type=&#8221;row&#8221; use_row_as_full_screen_section=&#8221;no&#8221; type=&#8221;full_width&#8221; angled_section=&#8221;no&#8221; text_align=&#8221;left&#8221; background_image_as_pattern=&#8221;without_pattern&#8221; css=&#8221;.vc_custom_1610387384608{margin-bottom: 50px !important;}&#8221; z_index=&#8221;&#8221; el_class=&#8221;hidden&#8221;][vc_column][vc_row_inner row_type=&#8221;row&#8221; type=&#8221;grid&#8221; text_align=&#8221;left&#8221; css_animation=&#8221;&#8221;][vc_column_inner][vc_column_text el_class=&#8221;detail-subtitle&#8221;]<\/p>\n<h2>Partners <b class=\"trait-1\">\/<\/b><b class=\"trait-2\">\/<\/b><b class=\"trait-3\">\/<\/b><\/h2>\n<p>[\/vc_column_text][\/vc_column_inner][\/vc_row_inner][vc_row_inner row_type=&#8221;row&#8221; type=&#8221;grid&#8221; text_align=&#8221;left&#8221; css_animation=&#8221;&#8221;][vc_column_inner]<div class='qode_carousels_holder clearfix'><div class='qode_carousels' data-number-of-visible-items='5'><ul class='slides'>Sorry, no posts matched your criteria.<\/ul><\/div><\/div>[\/vc_column_inner][\/vc_row_inner][\/vc_column][\/vc_row][vc_row css_animation=&#8221;&#8221; row_type=&#8221;row&#8221; use_row_as_full_screen_section=&#8221;no&#8221; type=&#8221;full_width&#8221; angled_section=&#8221;no&#8221; text_align=&#8221;left&#8221; background_image_as_pattern=&#8221;without_pattern&#8221;][vc_column][vc_column_text css=&#8221;.vc_custom_1608141206335{margin-bottom: 60px !important;}&#8221;]<\/p>\n<p style=\"text-align: center;\"><a class=\"button-link-long\" href=\"\/en\/solutions\">Back to solutions<\/a><\/p>\n<p>[\/vc_column_text][\/vc_column][\/vc_row]<\/p>\n","protected":false},"excerpt":{"rendered":"<p>[vc_row css_animation=&#8221;&#8221; row_type=&#8221;row&#8221; use_row_as_full_screen_section=&#8221;no&#8221; type=&#8221;full_width&#8221; angled_section=&#8221;no&#8221; text_align=&#8221;left&#8221; background_image_as_pattern=&#8221;without_pattern&#8221; css=&#8221;.vc_custom_1610372892710{padding-top: 200px !important;padding-bottom: 200px !important;}&#8221; z_index=&#8221;&#8221; background_image=&#8221;691&#8243;][vc_column][\/vc_column][\/vc_row][vc_row css_animation=&#8221;&#8221; row_type=&#8221;row&#8221; use_row_as_full_screen_section=&#8221;no&#8221; type=&#8221;full_width&#8221; angled_section=&#8221;no&#8221; text_align=&#8221;left&#8221; background_image_as_pattern=&#8221;without_pattern&#8221;][vc_column][vc_row_inner row_type=&#8221;row&#8221; type=&#8221;grid&#8221; text_align=&#8221;left&#8221; css_animation=&#8221;&#8221; css=&#8221;.vc_custom_1608112591010{margin-bottom: 60px !important;}&#8221;][vc_column_inner][vc_column_text el_class=&#8221;title-page&#8221;] NETWORKS AND COMMUNICATIONS [\/vc_column_text][vc_column_text el_class=&#8221;home-subtitle hidden&#8221;] L\u2019\u00e9change de donn\u00e9es, la&#8230;<\/p>\n","protected":false},"author":3,"featured_media":0,"parent":1351,"menu_order":2,"comment_status":"closed","ping_status":"closed","template":"full_width.php","meta":{"footnotes":""},"class_list":["post-1325","page","type-page","status-publish","hentry"],"yoast_head":"<!-- This site is optimized with the Yoast SEO plugin v23.8 - https:\/\/yoast.com\/wordpress\/plugins\/seo\/ -->\n<title>NETWORKS AND COMMUNICATIONS - EMG2<\/title>\n<meta name=\"robots\" content=\"index, follow, max-snippet:-1, max-image-preview:large, max-video-preview:-1\" \/>\n<link rel=\"canonical\" href=\"https:\/\/emg2.com\/en\/solutions\/networks-and-communications\/\" \/>\n<meta property=\"og:locale\" content=\"en_US\" \/>\n<meta property=\"og:type\" content=\"article\" \/>\n<meta property=\"og:title\" content=\"NETWORKS AND COMMUNICATIONS - EMG2\" \/>\n<meta property=\"og:description\" content=\"[vc_row css_animation=&#8221;&#8221; row_type=&#8221;row&#8221; use_row_as_full_screen_section=&#8221;no&#8221; type=&#8221;full_width&#8221; angled_section=&#8221;no&#8221; text_align=&#8221;left&#8221; background_image_as_pattern=&#8221;without_pattern&#8221; css=&#8221;.vc_custom_1610372892710{padding-top: 200px !important;padding-bottom: 200px !important;}&#8221; z_index=&#8221;&#8221; background_image=&#8221;691&#8243;][vc_column][\/vc_column][\/vc_row][vc_row css_animation=&#8221;&#8221; row_type=&#8221;row&#8221; use_row_as_full_screen_section=&#8221;no&#8221; type=&#8221;full_width&#8221; angled_section=&#8221;no&#8221; text_align=&#8221;left&#8221; background_image_as_pattern=&#8221;without_pattern&#8221;][vc_column][vc_row_inner row_type=&#8221;row&#8221; type=&#8221;grid&#8221; text_align=&#8221;left&#8221; css_animation=&#8221;&#8221; css=&#8221;.vc_custom_1608112591010{margin-bottom: 60px !important;}&#8221;][vc_column_inner][vc_column_text el_class=&#8221;title-page&#8221;] NETWORKS AND COMMUNICATIONS [\/vc_column_text][vc_column_text el_class=&#8221;home-subtitle hidden&#8221;] L\u2019\u00e9change de donn\u00e9es, la...\" \/>\n<meta property=\"og:url\" content=\"https:\/\/emg2.com\/en\/solutions\/networks-and-communications\/\" \/>\n<meta property=\"og:site_name\" content=\"EMG2\" \/>\n<meta property=\"article:modified_time\" content=\"2022-04-04T14:34:35+00:00\" \/>\n<meta name=\"twitter:card\" content=\"summary_large_image\" \/>\n<script type=\"application\/ld+json\" class=\"yoast-schema-graph\">{\"@context\":\"https:\/\/schema.org\",\"@graph\":[{\"@type\":\"WebPage\",\"@id\":\"https:\/\/emg2.com\/en\/solutions\/networks-and-communications\/\",\"url\":\"https:\/\/emg2.com\/en\/solutions\/networks-and-communications\/\",\"name\":\"NETWORKS AND COMMUNICATIONS - EMG2\",\"isPartOf\":{\"@id\":\"https:\/\/emg2.com\/#website\"},\"datePublished\":\"2021-05-10T09:55:59+00:00\",\"dateModified\":\"2022-04-04T14:34:35+00:00\",\"breadcrumb\":{\"@id\":\"https:\/\/emg2.com\/en\/solutions\/networks-and-communications\/#breadcrumb\"},\"inLanguage\":\"en-US\",\"potentialAction\":[{\"@type\":\"ReadAction\",\"target\":[\"https:\/\/emg2.com\/en\/solutions\/networks-and-communications\/\"]}]},{\"@type\":\"BreadcrumbList\",\"@id\":\"https:\/\/emg2.com\/en\/solutions\/networks-and-communications\/#breadcrumb\",\"itemListElement\":[{\"@type\":\"ListItem\",\"position\":1,\"name\":\"Accueil\",\"item\":\"https:\/\/emg2.com\/en\/\"},{\"@type\":\"ListItem\",\"position\":2,\"name\":\"Solutions\",\"item\":\"https:\/\/emg2.com\/en\/solutions\/\"},{\"@type\":\"ListItem\",\"position\":3,\"name\":\"NETWORKS AND COMMUNICATIONS\"}]},{\"@type\":\"WebSite\",\"@id\":\"https:\/\/emg2.com\/#website\",\"url\":\"https:\/\/emg2.com\/\",\"name\":\"EMG2\",\"description\":\"Technologies Innovantes\",\"publisher\":{\"@id\":\"https:\/\/emg2.com\/#organization\"},\"potentialAction\":[{\"@type\":\"SearchAction\",\"target\":{\"@type\":\"EntryPoint\",\"urlTemplate\":\"https:\/\/emg2.com\/?s={search_term_string}\"},\"query-input\":{\"@type\":\"PropertyValueSpecification\",\"valueRequired\":true,\"valueName\":\"search_term_string\"}}],\"inLanguage\":\"en-US\"},{\"@type\":\"Organization\",\"@id\":\"https:\/\/emg2.com\/#organization\",\"name\":\"EMG2\",\"url\":\"https:\/\/emg2.com\/\",\"logo\":{\"@type\":\"ImageObject\",\"inLanguage\":\"en-US\",\"@id\":\"https:\/\/emg2.com\/#\/schema\/logo\/image\/\",\"url\":\"https:\/\/emg2.com\/wp-content\/uploads\/2024\/11\/logo-1.png\",\"contentUrl\":\"https:\/\/emg2.com\/wp-content\/uploads\/2024\/11\/logo-1.png\",\"width\":200,\"height\":140,\"caption\":\"EMG2\"},\"image\":{\"@id\":\"https:\/\/emg2.com\/#\/schema\/logo\/image\/\"},\"sameAs\":[\"https:\/\/fr.linkedin.com\/company\/emg2\"]}]}<\/script>\n<!-- \/ Yoast SEO plugin. -->","yoast_head_json":{"title":"NETWORKS AND COMMUNICATIONS - EMG2","robots":{"index":"index","follow":"follow","max-snippet":"max-snippet:-1","max-image-preview":"max-image-preview:large","max-video-preview":"max-video-preview:-1"},"canonical":"https:\/\/emg2.com\/en\/solutions\/networks-and-communications\/","og_locale":"en_US","og_type":"article","og_title":"NETWORKS AND COMMUNICATIONS - EMG2","og_description":"[vc_row css_animation=&#8221;&#8221; row_type=&#8221;row&#8221; use_row_as_full_screen_section=&#8221;no&#8221; type=&#8221;full_width&#8221; angled_section=&#8221;no&#8221; text_align=&#8221;left&#8221; background_image_as_pattern=&#8221;without_pattern&#8221; css=&#8221;.vc_custom_1610372892710{padding-top: 200px !important;padding-bottom: 200px !important;}&#8221; z_index=&#8221;&#8221; background_image=&#8221;691&#8243;][vc_column][\/vc_column][\/vc_row][vc_row css_animation=&#8221;&#8221; row_type=&#8221;row&#8221; use_row_as_full_screen_section=&#8221;no&#8221; type=&#8221;full_width&#8221; angled_section=&#8221;no&#8221; text_align=&#8221;left&#8221; background_image_as_pattern=&#8221;without_pattern&#8221;][vc_column][vc_row_inner row_type=&#8221;row&#8221; type=&#8221;grid&#8221; text_align=&#8221;left&#8221; css_animation=&#8221;&#8221; css=&#8221;.vc_custom_1608112591010{margin-bottom: 60px !important;}&#8221;][vc_column_inner][vc_column_text el_class=&#8221;title-page&#8221;] NETWORKS AND COMMUNICATIONS [\/vc_column_text][vc_column_text el_class=&#8221;home-subtitle hidden&#8221;] L\u2019\u00e9change de donn\u00e9es, la...","og_url":"https:\/\/emg2.com\/en\/solutions\/networks-and-communications\/","og_site_name":"EMG2","article_modified_time":"2022-04-04T14:34:35+00:00","twitter_card":"summary_large_image","schema":{"@context":"https:\/\/schema.org","@graph":[{"@type":"WebPage","@id":"https:\/\/emg2.com\/en\/solutions\/networks-and-communications\/","url":"https:\/\/emg2.com\/en\/solutions\/networks-and-communications\/","name":"NETWORKS AND COMMUNICATIONS - EMG2","isPartOf":{"@id":"https:\/\/emg2.com\/#website"},"datePublished":"2021-05-10T09:55:59+00:00","dateModified":"2022-04-04T14:34:35+00:00","breadcrumb":{"@id":"https:\/\/emg2.com\/en\/solutions\/networks-and-communications\/#breadcrumb"},"inLanguage":"en-US","potentialAction":[{"@type":"ReadAction","target":["https:\/\/emg2.com\/en\/solutions\/networks-and-communications\/"]}]},{"@type":"BreadcrumbList","@id":"https:\/\/emg2.com\/en\/solutions\/networks-and-communications\/#breadcrumb","itemListElement":[{"@type":"ListItem","position":1,"name":"Accueil","item":"https:\/\/emg2.com\/en\/"},{"@type":"ListItem","position":2,"name":"Solutions","item":"https:\/\/emg2.com\/en\/solutions\/"},{"@type":"ListItem","position":3,"name":"NETWORKS AND COMMUNICATIONS"}]},{"@type":"WebSite","@id":"https:\/\/emg2.com\/#website","url":"https:\/\/emg2.com\/","name":"EMG2","description":"Technologies Innovantes","publisher":{"@id":"https:\/\/emg2.com\/#organization"},"potentialAction":[{"@type":"SearchAction","target":{"@type":"EntryPoint","urlTemplate":"https:\/\/emg2.com\/?s={search_term_string}"},"query-input":{"@type":"PropertyValueSpecification","valueRequired":true,"valueName":"search_term_string"}}],"inLanguage":"en-US"},{"@type":"Organization","@id":"https:\/\/emg2.com\/#organization","name":"EMG2","url":"https:\/\/emg2.com\/","logo":{"@type":"ImageObject","inLanguage":"en-US","@id":"https:\/\/emg2.com\/#\/schema\/logo\/image\/","url":"https:\/\/emg2.com\/wp-content\/uploads\/2024\/11\/logo-1.png","contentUrl":"https:\/\/emg2.com\/wp-content\/uploads\/2024\/11\/logo-1.png","width":200,"height":140,"caption":"EMG2"},"image":{"@id":"https:\/\/emg2.com\/#\/schema\/logo\/image\/"},"sameAs":["https:\/\/fr.linkedin.com\/company\/emg2"]}]}},"jetpack_sharing_enabled":true,"_links":{"self":[{"href":"https:\/\/emg2.com\/en\/wp-json\/wp\/v2\/pages\/1325","targetHints":{"allow":["GET"]}}],"collection":[{"href":"https:\/\/emg2.com\/en\/wp-json\/wp\/v2\/pages"}],"about":[{"href":"https:\/\/emg2.com\/en\/wp-json\/wp\/v2\/types\/page"}],"author":[{"embeddable":true,"href":"https:\/\/emg2.com\/en\/wp-json\/wp\/v2\/users\/3"}],"replies":[{"embeddable":true,"href":"https:\/\/emg2.com\/en\/wp-json\/wp\/v2\/comments?post=1325"}],"version-history":[{"count":14,"href":"https:\/\/emg2.com\/en\/wp-json\/wp\/v2\/pages\/1325\/revisions"}],"predecessor-version":[{"id":1948,"href":"https:\/\/emg2.com\/en\/wp-json\/wp\/v2\/pages\/1325\/revisions\/1948"}],"up":[{"embeddable":true,"href":"https:\/\/emg2.com\/en\/wp-json\/wp\/v2\/pages\/1351"}],"wp:attachment":[{"href":"https:\/\/emg2.com\/en\/wp-json\/wp\/v2\/media?parent=1325"}],"curies":[{"name":"wp","href":"https:\/\/api.w.org\/{rel}","templated":true}]}}