{"id":1334,"date":"2021-05-10T11:56:29","date_gmt":"2021-05-10T09:56:29","guid":{"rendered":"http:\/\/emg2.com\/?page_id=1334"},"modified":"2022-04-05T11:24:31","modified_gmt":"2022-04-05T09:24:31","slug":"data-storage","status":"publish","type":"page","link":"https:\/\/emg2.com\/en\/solutions\/data-storage\/","title":{"rendered":"DATA STORAGE"},"content":{"rendered":"<p>[vc_row css_animation=&#8221;&#8221; row_type=&#8221;row&#8221; use_row_as_full_screen_section=&#8221;no&#8221; type=&#8221;full_width&#8221; angled_section=&#8221;no&#8221; text_align=&#8221;left&#8221; background_image_as_pattern=&#8221;without_pattern&#8221; css=&#8221;.vc_custom_1610447478796{padding-top: 200px !important;padding-bottom: 200px !important;}&#8221; z_index=&#8221;&#8221; background_image=&#8221;794&#8243;][vc_column][\/vc_column][\/vc_row][vc_row css_animation=&#8221;&#8221; row_type=&#8221;row&#8221; use_row_as_full_screen_section=&#8221;no&#8221; type=&#8221;full_width&#8221; angled_section=&#8221;no&#8221; text_align=&#8221;left&#8221; background_image_as_pattern=&#8221;without_pattern&#8221;][vc_column][vc_row_inner row_type=&#8221;row&#8221; type=&#8221;grid&#8221; text_align=&#8221;left&#8221; css_animation=&#8221;&#8221; css=&#8221;.vc_custom_1608112591010{margin-bottom: 60px !important;}&#8221;][vc_column_inner][vc_column_text el_class=&#8221;title-page&#8221;]<\/p>\n<h1><strong>DATA STORAGE<\/strong><\/h1>\n<p>[\/vc_column_text][vc_column_text el_class=&#8221;home-subtitle hidden&#8221;]EMG2 vous propose diff\u00e9rentes solutions de stockage de donn\u00e9es, du module m\u00e9moire large bus et tr\u00e8s haute densit\u00e9, aux cartes m\u00e9moires et disques SSD avec des options de durcissement ou de s\u00e9curisation selon diff\u00e9rents standards.[\/vc_column_text][\/vc_column_inner][\/vc_row_inner][vc_row_inner row_type=&#8221;row&#8221; type=&#8221;grid&#8221; text_align=&#8221;left&#8221; css_animation=&#8221;&#8221; el_class=&#8221;detail-row&#8221; css=&#8221;.vc_custom_1621938510279{margin-bottom: 60px !important;}&#8221; el_id=&#8221;ddr4&#8243;][vc_column_inner width=&#8221;3\/5&#8243;][vc_column_text el_class=&#8221;detail-subtitle&#8221;]<\/p>\n<h2>DDR4 wide bus memory<b class=\"trait-1\">\u00a0\/<\/b><b class=\"trait-2\">\/<\/b><b class=\"trait-3\">\/<\/b><\/h2>\n<p>[\/vc_column_text][vc_column_text css=&#8221;.vc_custom_1649149089572{padding-top: 30px !important;}&#8221;]<\/p>\n<p style=\"text-align: justify;\">Your card or system requires a <strong>very large amount of DDR memory<\/strong> with severe constraints on p<strong>erformance, access time <\/strong>and<strong> reliability<\/strong>, but you serioulsy <strong>lacking space<\/strong>? We offer ideal solutions through <strong>very high density memory modules (DDR3 or DDR4)<\/strong>, integrating several memory chips in a single <strong>very compact<\/strong> component, to offer a <strong>very large memory capacity<\/strong> but also very wide <strong>access buses of 32 72-bit<\/strong>, to offer the equivalent of a SO-DIMM, soldered onto your card.<br \/>\nIn addition to the obvious gains in reliability <strong>(robust solution to shocks and vibrations over extended temperature ranges)<\/strong>, you save enormous space on your electronic board with <strong>simplified routing<\/strong>. These solutions are ideal for the production of <strong>on-board mass memories,<\/strong> including aeronautical and military ones, with <strong>Pb or Rohs terminations<\/strong> and French manufacture <strong>(ITAR Free)<\/strong>.<\/p>\n<p>[\/vc_column_text][vc_column_text el_class=&#8221;liste-application&#8221;]<a href=\"https:\/\/emg2.com\/en\/applications\/communications\/\"><i>M<\/i><\/a><a href=\"https:\/\/emg2.com\/en\/applications\/defense-et-militaire\/\"><i>Y<\/i><\/a><a href=\"https:\/\/emg2.com\/en\/applications\/industriel\/\"><i>U<\/i><\/a><a href=\"https:\/\/emg2.com\/en\/applications\/securite\/\"><i>j<\/i><\/a><a href=\"https:\/\/emg2.com\/en\/applications\/environnements-severes\/\"><i>a<\/i><\/a><a href=\"https:\/\/emg2.com\/en\/applications\/medical\/\"><i>E<\/i><\/a><a href=\"https:\/\/emg2.com\/en\/applications\/transports\/\"><i>I<\/i><\/a>[\/vc_column_text][\/vc_column_inner][vc_column_inner width=&#8221;2\/5&#8243;][vc_single_image image=&#8221;934&#8243; img_size=&#8221;370&#215;300&#8243; qode_css_animation=&#8221;&#8221;][\/vc_column_inner][\/vc_row_inner][vc_row_inner row_type=&#8221;row&#8221; type=&#8221;grid&#8221; text_align=&#8221;left&#8221; css_animation=&#8221;&#8221; el_class=&#8221;detail-row&#8221; css=&#8221;.vc_custom_1621938554336{margin-bottom: 60px !important;}&#8221; el_id=&#8221;hardened_data&#8221;][vc_column_inner width=&#8221;2\/5&#8243;][vc_column_text el_class=&#8221;detail-subtitle&#8221;]<\/p>\n<h2><b class=\"trait-1\">Hardened data storage \/<\/b><b class=\"trait-2\">\/<\/b><b class=\"trait-3\">\/<\/b><\/h2>\n<p>[\/vc_column_text][vc_single_image image=&#8221;727&#8243; img_size=&#8221;370&#215;300&#8243; qode_css_animation=&#8221;&#8221;][\/vc_column_inner][vc_column_inner width=&#8221;3\/5&#8243;][vc_column_text css=&#8221;.vc_custom_1649149325756{padding-top: 30px !important;}&#8221;]<\/p>\n<p style=\"text-align: justify;\">For the realization of computers, embedded systems and industrial PCs in <strong>harsh environments<\/strong>, the choice of <strong>data recording<\/strong> medium is often decisive. To help you in this process, we offer a whole range of <strong>ruggedized<\/strong> <strong>data storage<\/strong> solutions in various formats, whether in the form of <strong>components, modules, SSDs or even complete storage cards (VPX 3U and 6U)<\/strong> .<br \/>\nSuch solutions are designed with innovative technologies and are subject to <strong>robustness tests<\/strong> to <strong>guarantee reliability under severe conditions (extreme temperatures ranging from -55 \u00b0 C to 125 \u00b0 C and above, humidity, dust)<\/strong> and <strong>resistance to shock and vibration<\/strong>. For industrial, military, aeronautical or space applications, these products guarantee you <strong>optimal and flawless operation of your digital systems and mass memories<\/strong>.<\/p>\n<p>[\/vc_column_text][vc_column_text el_class=&#8221;liste-application&#8221;]<a href=\"https:\/\/emg2.com\/en\/applications\/communications\/\"><i>M<\/i><\/a><a href=\"https:\/\/emg2.com\/en\/applications\/defense-et-militaire\/\"><i>Y<\/i><\/a><a href=\"https:\/\/emg2.com\/en\/applications\/industriel\/\"><i>U<\/i><\/a><a href=\"Https:\/\/emg2.com\/en\/applications\/scientifique\/\"><i>X<\/i><\/a><a href=\"https:\/\/emg2.com\/en\/applications\/securite\/\"><i>j<\/i><\/a><a href=\"https:\/\/emg2.com\/en\/applications\/environnements-severes\/\"><i>a<\/i><\/a><a href=\"https:\/\/emg2.com\/en\/applications\/medical\/\"><i>E<\/i><\/a><a href=\"https:\/\/emg2.com\/en\/applications\/transports\/\"><i>I<\/i><\/a>[\/vc_column_text][\/vc_column_inner][\/vc_row_inner][vc_row_inner row_type=&#8221;row&#8221; type=&#8221;grid&#8221; text_align=&#8221;left&#8221; css_animation=&#8221;&#8221; el_class=&#8221;detail-row&#8221; css=&#8221;.vc_custom_1621938584016{margin-bottom: 60px !important;}&#8221; el_id=&#8221;secure_data&#8221;][vc_column_inner width=&#8221;3\/5&#8243;][vc_column_text el_class=&#8221;detail-subtitle&#8221;]<\/p>\n<h2>Secure data storage <b class=\"trait-1\">\/<\/b><b class=\"trait-2\">\/<\/b><b class=\"trait-3\">\/<\/b><\/h2>\n<p>[\/vc_column_text][vc_column_text css=&#8221;.vc_custom_1649149853601{padding-top: 30px !important;}&#8221;]<\/p>\n<p style=\"text-align: justify;\">The challenge is major: Make <strong>inaccessible to unauthorized people<\/strong>, <strong>digital content<\/strong> or content recorded on media, whether related to industrial know-how or during <strong>critical missions<\/strong>. But we have a relevant proposition to this puzzle, with our <strong>secure<\/strong> <strong>data storage solutions<\/strong>. Designed specifically for this type of problem, we offer and <strong>memory modules<\/strong> <strong>SSD<\/strong> <strong>hard drives<\/strong> equipped with <strong>encryption<\/strong> and failure protection functions but also and above all with hardware or software means for <strong>destroying data<\/strong> in the event of <strong>unauthorized intrusion attempts<\/strong>.<br \/>\nBoth for military use or for specific security needs in<strong> drones<\/strong> for example, our solutions can provide you with a <strong>simple and effective solution<\/strong> for maximum <strong>protection of your data<\/strong>.<\/p>\n<p>[\/vc_column_text][vc_column_text el_class=&#8221;liste-application&#8221;]<a href=\"https:\/\/emg2.com\/en\/applications\/communications\/\"><i>M<\/i><\/a><a href=\"https:\/\/emg2.com\/en\/applications\/defense-et-militaire\/\"><i>Y<\/i><\/a><a href=\"https:\/\/emg2.com\/en\/applications\/industriel\/\"><i>U<\/i><\/a><a href=\"Https:\/\/emg2.com\/en\/applications\/scientifique\/\"><i>X<\/i><\/a><a href=\"https:\/\/emg2.com\/en\/applications\/securite\/\"><i>j<\/i><\/a><a href=\"https:\/\/emg2.com\/en\/applications\/medical\/\"><i>E<\/i><\/a><a href=\"https:\/\/emg2.com\/en\/applications\/transports\/\"><i>I<\/i><\/a>[\/vc_column_text][\/vc_column_inner][vc_column_inner width=&#8221;2\/5&#8243;][vc_single_image image=&#8221;984&#8243; img_size=&#8221;370&#215;300&#8243; qode_css_animation=&#8221;&#8221;][\/vc_column_inner][\/vc_row_inner][vc_row_inner row_type=&#8221;row&#8221; type=&#8221;grid&#8221; text_align=&#8221;left&#8221; css_animation=&#8221;&#8221; el_class=&#8221;detail-row&#8221; css=&#8221;.vc_custom_1621938614521{margin-bottom: 60px !important;}&#8221; el_id=&#8221;Encryption&#8221;][vc_column_inner width=&#8221;2\/5&#8243;][vc_column_text el_class=&#8221;detail-subtitle&#8221;]<\/p>\n<h2>Encryption and Compression <b class=\"trait-1\">\/<\/b><b class=\"trait-2\">\/<\/b><b class=\"trait-3\">\/<\/b><\/h2>\n<p>[\/vc_column_text][vc_single_image image=&#8221;114&#8243; img_size=&#8221;370&#215;300&#8243; qode_css_animation=&#8221;&#8221;][\/vc_column_inner][vc_column_inner width=&#8221;3\/5&#8243;][vc_column_text css=&#8221;.vc_custom_1649150650540{padding-top: 30px !important;}&#8221;]<\/p>\n<p style=\"text-align: justify;\">With the explosion in the number of sensors <strong>(IOT)<\/strong> and <strong>mobility<\/strong> needs, the amounts of <strong>data to be stored are becoming gigantic<\/strong>, but fortunately, we have <strong>relevant solutions<\/strong> for managing data storage in order to <strong>minimize the volume of data and keep it secure<\/strong>.<br \/>\n&#8211; For small embedded systems, the solutions described above are generally sufficient with <strong>various encryption<\/strong> options or, as on some of our storage cards <strong>(VPX 3U or 6U)<\/strong>, the presence of <strong>onboard intelligence<\/strong> for <strong>compression in real time.<\/strong><br \/>\n&#8211; For larger servers, even at the scale of <strong>Datacenters<\/strong>, we offer hardware <strong>acceleration<\/strong> <strong>modules in SSD formats (U.2 or M.2)<\/strong>, connected directly to hard disks in <strong>PCIe or NVMe<\/strong>, in order to optimize the <strong>compression and encryption<\/strong> of stored data, or to perform complex <strong>deduplication<\/strong> or <strong>Erasure Coding<\/strong> functions.<\/p>\n<p>[\/vc_column_text][vc_column_text el_class=&#8221;liste-application&#8221;]<a href=\"https:\/\/emg2.com\/en\/applications\/communications\/\"><i>M<\/i><\/a><a href=\"https:\/\/emg2.com\/en\/applications\/defense-et-militaire\/\"><i>Y<\/i><\/a><a href=\"Https:\/\/emg2.com\/en\/applications\/scientifique\/\"><i>X<\/i><\/a><a href=\"https:\/\/emg2.com\/en\/applications\/securite\/\"><i>j<\/i><\/a><a href=\"https:\/\/emg2.com\/en\/applications\/transports\/\"><i>I<\/i><\/a>[\/vc_column_text][\/vc_column_inner][\/vc_row_inner][\/vc_column][\/vc_row][vc_row css_animation=&#8221;&#8221; row_type=&#8221;row&#8221; use_row_as_full_screen_section=&#8221;no&#8221; type=&#8221;full_width&#8221; angled_section=&#8221;no&#8221; text_align=&#8221;left&#8221; background_image_as_pattern=&#8221;without_pattern&#8221; css=&#8221;.vc_custom_1610387655468{margin-bottom: 65px !important;}&#8221; z_index=&#8221;&#8221; el_class=&#8221;hidden&#8221;][vc_column][vc_row_inner row_type=&#8221;row&#8221; type=&#8221;grid&#8221; text_align=&#8221;left&#8221; css_animation=&#8221;&#8221;][vc_column_inner][vc_column_text el_class=&#8221;detail-subtitle&#8221; css=&#8221;.vc_custom_1610359129425{margin-bottom: 30px !important;}&#8221;]<\/p>\n<h2>Markets <b class=\"trait-1\">\/<\/b><b class=\"trait-2\">\/<\/b><b class=\"trait-3\">\/<\/b><\/h2>\n<p>[\/vc_column_text][\/vc_column_inner][\/vc_row_inner][vc_row_inner row_type=&#8221;row&#8221; type=&#8221;grid&#8221; text_align=&#8221;left&#8221; css_animation=&#8221;&#8221;][vc_column_inner width=&#8221;1\/6&#8243;][vc_raw_html]JTNDaSUyMGNsYXNzJTNEJTIyaWNvbiUyMGljb24tYXBwbGljYXRpb25zJTIyJTNFJTI2JTIzeDAwNDMlM0IlM0MlMkZpJTNF[\/vc_raw_html][vc_column_text]<\/p>\n<p style=\"text-align: center;\">Transport<\/p>\n<p>[\/vc_column_text][\/vc_column_inner][vc_column_inner width=&#8221;1\/6&#8243;][\/vc_column_inner][vc_column_inner width=&#8221;1\/6&#8243;][\/vc_column_inner][vc_column_inner width=&#8221;1\/6&#8243;][\/vc_column_inner][vc_column_inner width=&#8221;1\/6&#8243;][\/vc_column_inner][vc_column_inner width=&#8221;1\/6&#8243;][\/vc_column_inner][\/vc_row_inner][\/vc_column][\/vc_row][vc_row css_animation=&#8221;&#8221; row_type=&#8221;row&#8221; use_row_as_full_screen_section=&#8221;no&#8221; type=&#8221;full_width&#8221; angled_section=&#8221;no&#8221; text_align=&#8221;left&#8221; background_image_as_pattern=&#8221;without_pattern&#8221; css=&#8221;.vc_custom_1610387678484{margin-bottom: 50px !important;}&#8221; z_index=&#8221;&#8221; el_class=&#8221;hidden&#8221;][vc_column][vc_row_inner row_type=&#8221;row&#8221; type=&#8221;grid&#8221; text_align=&#8221;left&#8221; css_animation=&#8221;&#8221;][vc_column_inner][vc_column_text el_class=&#8221;detail-subtitle&#8221;]<\/p>\n<h2>Partners <b class=\"trait-1\">\/<\/b><b class=\"trait-2\">\/<\/b><b class=\"trait-3\">\/<\/b><\/h2>\n<p>[\/vc_column_text][\/vc_column_inner][\/vc_row_inner][vc_row_inner row_type=&#8221;row&#8221; type=&#8221;grid&#8221; text_align=&#8221;left&#8221; css_animation=&#8221;&#8221;][vc_column_inner]<div class='qode_carousels_holder clearfix'><div class='qode_carousels' data-number-of-visible-items='5'><ul class='slides'>Sorry, no posts matched your criteria.<\/ul><\/div><\/div>[\/vc_column_inner][\/vc_row_inner][\/vc_column][\/vc_row][vc_row css_animation=&#8221;&#8221; row_type=&#8221;row&#8221; use_row_as_full_screen_section=&#8221;no&#8221; type=&#8221;full_width&#8221; angled_section=&#8221;no&#8221; text_align=&#8221;left&#8221; background_image_as_pattern=&#8221;without_pattern&#8221;][vc_column][vc_column_text css=&#8221;.vc_custom_1608141206335{margin-bottom: 60px !important;}&#8221;]<\/p>\n<p style=\"text-align: center;\"><a class=\"button-link-long\" href=\"\/en\/solutions\">Back to solutions<\/a><\/p>\n<p>[\/vc_column_text][\/vc_column][\/vc_row]<\/p>\n","protected":false},"excerpt":{"rendered":"<p>[vc_row css_animation=&#8221;&#8221; row_type=&#8221;row&#8221; use_row_as_full_screen_section=&#8221;no&#8221; type=&#8221;full_width&#8221; angled_section=&#8221;no&#8221; text_align=&#8221;left&#8221; background_image_as_pattern=&#8221;without_pattern&#8221; css=&#8221;.vc_custom_1610447478796{padding-top: 200px !important;padding-bottom: 200px !important;}&#8221; z_index=&#8221;&#8221; background_image=&#8221;794&#8243;][vc_column][\/vc_column][\/vc_row][vc_row css_animation=&#8221;&#8221; row_type=&#8221;row&#8221; use_row_as_full_screen_section=&#8221;no&#8221; type=&#8221;full_width&#8221; angled_section=&#8221;no&#8221; text_align=&#8221;left&#8221; background_image_as_pattern=&#8221;without_pattern&#8221;][vc_column][vc_row_inner row_type=&#8221;row&#8221; type=&#8221;grid&#8221; text_align=&#8221;left&#8221; css_animation=&#8221;&#8221; css=&#8221;.vc_custom_1608112591010{margin-bottom: 60px !important;}&#8221;][vc_column_inner][vc_column_text el_class=&#8221;title-page&#8221;] DATA STORAGE [\/vc_column_text][vc_column_text el_class=&#8221;home-subtitle hidden&#8221;]EMG2 vous propose diff\u00e9rentes solutions de&#8230;<\/p>\n","protected":false},"author":3,"featured_media":0,"parent":1351,"menu_order":6,"comment_status":"closed","ping_status":"closed","template":"full_width.php","meta":{"footnotes":""},"class_list":["post-1334","page","type-page","status-publish","hentry"],"yoast_head":"<!-- This site is optimized with the Yoast SEO plugin v23.8 - https:\/\/yoast.com\/wordpress\/plugins\/seo\/ -->\n<title>DATA STORAGE - EMG2<\/title>\n<meta name=\"robots\" content=\"index, follow, max-snippet:-1, max-image-preview:large, max-video-preview:-1\" \/>\n<link rel=\"canonical\" href=\"https:\/\/emg2.com\/en\/solutions\/data-storage\/\" \/>\n<meta property=\"og:locale\" content=\"en_US\" \/>\n<meta property=\"og:type\" content=\"article\" \/>\n<meta property=\"og:title\" content=\"DATA STORAGE - EMG2\" \/>\n<meta property=\"og:description\" content=\"[vc_row css_animation=&#8221;&#8221; row_type=&#8221;row&#8221; use_row_as_full_screen_section=&#8221;no&#8221; type=&#8221;full_width&#8221; angled_section=&#8221;no&#8221; text_align=&#8221;left&#8221; background_image_as_pattern=&#8221;without_pattern&#8221; css=&#8221;.vc_custom_1610447478796{padding-top: 200px !important;padding-bottom: 200px !important;}&#8221; z_index=&#8221;&#8221; background_image=&#8221;794&#8243;][vc_column][\/vc_column][\/vc_row][vc_row css_animation=&#8221;&#8221; row_type=&#8221;row&#8221; use_row_as_full_screen_section=&#8221;no&#8221; type=&#8221;full_width&#8221; angled_section=&#8221;no&#8221; text_align=&#8221;left&#8221; background_image_as_pattern=&#8221;without_pattern&#8221;][vc_column][vc_row_inner row_type=&#8221;row&#8221; type=&#8221;grid&#8221; text_align=&#8221;left&#8221; css_animation=&#8221;&#8221; css=&#8221;.vc_custom_1608112591010{margin-bottom: 60px !important;}&#8221;][vc_column_inner][vc_column_text el_class=&#8221;title-page&#8221;] DATA STORAGE [\/vc_column_text][vc_column_text el_class=&#8221;home-subtitle hidden&#8221;]EMG2 vous propose diff\u00e9rentes solutions de...\" \/>\n<meta property=\"og:url\" content=\"https:\/\/emg2.com\/en\/solutions\/data-storage\/\" \/>\n<meta property=\"og:site_name\" content=\"EMG2\" \/>\n<meta property=\"article:modified_time\" content=\"2022-04-05T09:24:31+00:00\" \/>\n<meta name=\"twitter:card\" content=\"summary_large_image\" \/>\n<script type=\"application\/ld+json\" class=\"yoast-schema-graph\">{\"@context\":\"https:\/\/schema.org\",\"@graph\":[{\"@type\":\"WebPage\",\"@id\":\"https:\/\/emg2.com\/en\/solutions\/data-storage\/\",\"url\":\"https:\/\/emg2.com\/en\/solutions\/data-storage\/\",\"name\":\"DATA STORAGE - EMG2\",\"isPartOf\":{\"@id\":\"https:\/\/emg2.com\/#website\"},\"datePublished\":\"2021-05-10T09:56:29+00:00\",\"dateModified\":\"2022-04-05T09:24:31+00:00\",\"breadcrumb\":{\"@id\":\"https:\/\/emg2.com\/en\/solutions\/data-storage\/#breadcrumb\"},\"inLanguage\":\"en-US\",\"potentialAction\":[{\"@type\":\"ReadAction\",\"target\":[\"https:\/\/emg2.com\/en\/solutions\/data-storage\/\"]}]},{\"@type\":\"BreadcrumbList\",\"@id\":\"https:\/\/emg2.com\/en\/solutions\/data-storage\/#breadcrumb\",\"itemListElement\":[{\"@type\":\"ListItem\",\"position\":1,\"name\":\"Accueil\",\"item\":\"https:\/\/emg2.com\/en\/\"},{\"@type\":\"ListItem\",\"position\":2,\"name\":\"Solutions\",\"item\":\"https:\/\/emg2.com\/en\/solutions\/\"},{\"@type\":\"ListItem\",\"position\":3,\"name\":\"DATA STORAGE\"}]},{\"@type\":\"WebSite\",\"@id\":\"https:\/\/emg2.com\/#website\",\"url\":\"https:\/\/emg2.com\/\",\"name\":\"EMG2\",\"description\":\"Technologies Innovantes\",\"publisher\":{\"@id\":\"https:\/\/emg2.com\/#organization\"},\"potentialAction\":[{\"@type\":\"SearchAction\",\"target\":{\"@type\":\"EntryPoint\",\"urlTemplate\":\"https:\/\/emg2.com\/?s={search_term_string}\"},\"query-input\":{\"@type\":\"PropertyValueSpecification\",\"valueRequired\":true,\"valueName\":\"search_term_string\"}}],\"inLanguage\":\"en-US\"},{\"@type\":\"Organization\",\"@id\":\"https:\/\/emg2.com\/#organization\",\"name\":\"EMG2\",\"url\":\"https:\/\/emg2.com\/\",\"logo\":{\"@type\":\"ImageObject\",\"inLanguage\":\"en-US\",\"@id\":\"https:\/\/emg2.com\/#\/schema\/logo\/image\/\",\"url\":\"https:\/\/emg2.com\/wp-content\/uploads\/2024\/11\/logo-1.png\",\"contentUrl\":\"https:\/\/emg2.com\/wp-content\/uploads\/2024\/11\/logo-1.png\",\"width\":200,\"height\":140,\"caption\":\"EMG2\"},\"image\":{\"@id\":\"https:\/\/emg2.com\/#\/schema\/logo\/image\/\"},\"sameAs\":[\"https:\/\/fr.linkedin.com\/company\/emg2\"]}]}<\/script>\n<!-- \/ Yoast SEO plugin. -->","yoast_head_json":{"title":"DATA STORAGE - EMG2","robots":{"index":"index","follow":"follow","max-snippet":"max-snippet:-1","max-image-preview":"max-image-preview:large","max-video-preview":"max-video-preview:-1"},"canonical":"https:\/\/emg2.com\/en\/solutions\/data-storage\/","og_locale":"en_US","og_type":"article","og_title":"DATA STORAGE - EMG2","og_description":"[vc_row css_animation=&#8221;&#8221; row_type=&#8221;row&#8221; use_row_as_full_screen_section=&#8221;no&#8221; type=&#8221;full_width&#8221; angled_section=&#8221;no&#8221; text_align=&#8221;left&#8221; background_image_as_pattern=&#8221;without_pattern&#8221; css=&#8221;.vc_custom_1610447478796{padding-top: 200px !important;padding-bottom: 200px !important;}&#8221; z_index=&#8221;&#8221; background_image=&#8221;794&#8243;][vc_column][\/vc_column][\/vc_row][vc_row css_animation=&#8221;&#8221; row_type=&#8221;row&#8221; use_row_as_full_screen_section=&#8221;no&#8221; type=&#8221;full_width&#8221; angled_section=&#8221;no&#8221; text_align=&#8221;left&#8221; background_image_as_pattern=&#8221;without_pattern&#8221;][vc_column][vc_row_inner row_type=&#8221;row&#8221; type=&#8221;grid&#8221; text_align=&#8221;left&#8221; css_animation=&#8221;&#8221; css=&#8221;.vc_custom_1608112591010{margin-bottom: 60px !important;}&#8221;][vc_column_inner][vc_column_text el_class=&#8221;title-page&#8221;] DATA STORAGE [\/vc_column_text][vc_column_text el_class=&#8221;home-subtitle hidden&#8221;]EMG2 vous propose diff\u00e9rentes solutions de...","og_url":"https:\/\/emg2.com\/en\/solutions\/data-storage\/","og_site_name":"EMG2","article_modified_time":"2022-04-05T09:24:31+00:00","twitter_card":"summary_large_image","schema":{"@context":"https:\/\/schema.org","@graph":[{"@type":"WebPage","@id":"https:\/\/emg2.com\/en\/solutions\/data-storage\/","url":"https:\/\/emg2.com\/en\/solutions\/data-storage\/","name":"DATA STORAGE - EMG2","isPartOf":{"@id":"https:\/\/emg2.com\/#website"},"datePublished":"2021-05-10T09:56:29+00:00","dateModified":"2022-04-05T09:24:31+00:00","breadcrumb":{"@id":"https:\/\/emg2.com\/en\/solutions\/data-storage\/#breadcrumb"},"inLanguage":"en-US","potentialAction":[{"@type":"ReadAction","target":["https:\/\/emg2.com\/en\/solutions\/data-storage\/"]}]},{"@type":"BreadcrumbList","@id":"https:\/\/emg2.com\/en\/solutions\/data-storage\/#breadcrumb","itemListElement":[{"@type":"ListItem","position":1,"name":"Accueil","item":"https:\/\/emg2.com\/en\/"},{"@type":"ListItem","position":2,"name":"Solutions","item":"https:\/\/emg2.com\/en\/solutions\/"},{"@type":"ListItem","position":3,"name":"DATA STORAGE"}]},{"@type":"WebSite","@id":"https:\/\/emg2.com\/#website","url":"https:\/\/emg2.com\/","name":"EMG2","description":"Technologies Innovantes","publisher":{"@id":"https:\/\/emg2.com\/#organization"},"potentialAction":[{"@type":"SearchAction","target":{"@type":"EntryPoint","urlTemplate":"https:\/\/emg2.com\/?s={search_term_string}"},"query-input":{"@type":"PropertyValueSpecification","valueRequired":true,"valueName":"search_term_string"}}],"inLanguage":"en-US"},{"@type":"Organization","@id":"https:\/\/emg2.com\/#organization","name":"EMG2","url":"https:\/\/emg2.com\/","logo":{"@type":"ImageObject","inLanguage":"en-US","@id":"https:\/\/emg2.com\/#\/schema\/logo\/image\/","url":"https:\/\/emg2.com\/wp-content\/uploads\/2024\/11\/logo-1.png","contentUrl":"https:\/\/emg2.com\/wp-content\/uploads\/2024\/11\/logo-1.png","width":200,"height":140,"caption":"EMG2"},"image":{"@id":"https:\/\/emg2.com\/#\/schema\/logo\/image\/"},"sameAs":["https:\/\/fr.linkedin.com\/company\/emg2"]}]}},"jetpack_sharing_enabled":true,"_links":{"self":[{"href":"https:\/\/emg2.com\/en\/wp-json\/wp\/v2\/pages\/1334","targetHints":{"allow":["GET"]}}],"collection":[{"href":"https:\/\/emg2.com\/en\/wp-json\/wp\/v2\/pages"}],"about":[{"href":"https:\/\/emg2.com\/en\/wp-json\/wp\/v2\/types\/page"}],"author":[{"embeddable":true,"href":"https:\/\/emg2.com\/en\/wp-json\/wp\/v2\/users\/3"}],"replies":[{"embeddable":true,"href":"https:\/\/emg2.com\/en\/wp-json\/wp\/v2\/comments?post=1334"}],"version-history":[{"count":9,"href":"https:\/\/emg2.com\/en\/wp-json\/wp\/v2\/pages\/1334\/revisions"}],"predecessor-version":[{"id":1951,"href":"https:\/\/emg2.com\/en\/wp-json\/wp\/v2\/pages\/1334\/revisions\/1951"}],"up":[{"embeddable":true,"href":"https:\/\/emg2.com\/en\/wp-json\/wp\/v2\/pages\/1351"}],"wp:attachment":[{"href":"https:\/\/emg2.com\/en\/wp-json\/wp\/v2\/media?parent=1334"}],"curies":[{"name":"wp","href":"https:\/\/api.w.org\/{rel}","templated":true}]}}