{"id":1336,"date":"2021-05-10T11:56:30","date_gmt":"2021-05-10T09:56:30","guid":{"rendered":"http:\/\/emg2.com\/?page_id=1336"},"modified":"2022-04-05T11:48:23","modified_gmt":"2022-04-05T09:48:23","slug":"miniaturization","status":"publish","type":"page","link":"https:\/\/emg2.com\/en\/solutions\/miniaturization\/","title":{"rendered":"Miniaturization"},"content":{"rendered":"<p>[vc_row css_animation=&#8221;&#8221; row_type=&#8221;row&#8221; use_row_as_full_screen_section=&#8221;no&#8221; type=&#8221;full_width&#8221; angled_section=&#8221;no&#8221; text_align=&#8221;left&#8221; background_image_as_pattern=&#8221;without_pattern&#8221; css=&#8221;.vc_custom_1610469537582{padding-top: 200px !important;padding-bottom: 200px !important;}&#8221; z_index=&#8221;&#8221; background_image=&#8221;932&#8243;][vc_column][\/vc_column][\/vc_row][vc_row css_animation=&#8221;&#8221; row_type=&#8221;row&#8221; use_row_as_full_screen_section=&#8221;no&#8221; type=&#8221;full_width&#8221; angled_section=&#8221;no&#8221; text_align=&#8221;left&#8221; background_image_as_pattern=&#8221;without_pattern&#8221;][vc_column][vc_row_inner row_type=&#8221;row&#8221; type=&#8221;grid&#8221; text_align=&#8221;left&#8221; css_animation=&#8221;&#8221; css=&#8221;.vc_custom_1608112591010{margin-bottom: 60px !important;}&#8221;][vc_column_inner][vc_column_text el_class=&#8221;title-page&#8221;]<\/p>\n<h1>Miniaturization<\/h1>\n<p>[\/vc_column_text][vc_column_text el_class=&#8221;home-subtitle hidden&#8221;]EMG2 vous propose diff\u00e9rentes solutions de stockage de donn\u00e9es, du module m\u00e9moire large bus et tr\u00e8s haute densit\u00e9, aux cartes m\u00e9moires et disques SSD selon diff\u00e9rents standards.[\/vc_column_text][\/vc_column_inner][\/vc_row_inner][vc_row_inner row_type=&#8221;row&#8221; type=&#8221;grid&#8221; text_align=&#8221;left&#8221; css_animation=&#8221;&#8221; el_class=&#8221;detail-row&#8221; css=&#8221;.vc_custom_1621938702637{margin-bottom: 60px !important;}&#8221; el_id=&#8221;modules&#8221;][vc_column_inner width=&#8221;2\/5&#8243;][vc_column_text el_class=&#8221;detail-subtitle&#8221;]<\/p>\n<h2>Digital modules <b class=\"trait-1\">\/<\/b><b class=\"trait-2\">\/<\/b><b class=\"trait-3\">\/<\/b><\/h2>\n<p>[\/vc_column_text][vc_single_image image=&#8221;946&#8243; img_size=&#8221;370&#215;300&#8243; qode_css_animation=&#8221;&#8221;][\/vc_column_inner][vc_column_inner width=&#8221;3\/5&#8243;][vc_column_text css=&#8221;.vc_custom_1649151172106{padding-top: 30px !important;}&#8221;]<\/p>\n<p style=\"text-align: justify;\">Even the <strong>smallest<\/strong> systems could benefit from <strong>elaborate computational resources<\/strong>. We offer in the form of <strong>very compact 3D modules<\/strong>, real <strong>digital cores<\/strong> incorporating, for example,<strong> FPGAs coupled with several memory blocks (flash, DDR, etc.)<\/strong> as well as decoupling functions and power supply. The use of such modules is thus <strong>greatly simplified<\/strong> since the great complexity of the <strong>routing is carried out internally<\/strong>, leaving only the useful signals outside (communication buses, GPIOs and various signals). This also allows more <strong>reliability and a limited TTM<\/strong> because all what you have to do is to <strong>program this module<\/strong> and connect it with the required elements of your system.<\/p>\n<p>[\/vc_column_text][vc_column_text el_class=&#8221;liste-application&#8221;]<a href=\"https:\/\/emg2.com\/en\/applications\/communications\/\"><i>M<\/i><\/a><a href=\"https:\/\/emg2.com\/en\/applications\/defense-et-militaire\/\"><i>Y<\/i><\/a><a href=\"https:\/\/emg2.com\/en\/applications\/industriel\/\"><i>U<\/i><\/a><a href=\"Https:\/\/emg2.com\/en\/applications\/scientifique\/\"><i>X<\/i><\/a><a href=\"https:\/\/emg2.com\/en\/applications\/securite\/\"><i>j<\/i><\/a><a href=\"https:\/\/emg2.com\/en\/applications\/environnements-severes\/\"><i>a<\/i><\/a><a href=\"https:\/\/emg2.com\/en\/applications\/medical\/\"><i>E<\/i><\/a><a href=\"https:\/\/emg2.com\/en\/applications\/transports\/\"><i>I<\/i><\/a>[\/vc_column_text][\/vc_column_inner][\/vc_row_inner][vc_row_inner row_type=&#8221;row&#8221; type=&#8221;grid&#8221; text_align=&#8221;left&#8221; css_animation=&#8221;&#8221; el_class=&#8221;detail-row&#8221; css=&#8221;.vc_custom_1621938732017{margin-bottom: 60px !important;}&#8221; el_id=&#8221;SIP&#8221;][vc_column_inner width=&#8221;3\/5&#8243;][vc_column_text el_class=&#8221;detail-subtitle&#8221;]<\/p>\n<h2>System-in-Package (SiP) <b class=\"trait-1\">\/<\/b><b class=\"trait-2\">\/<\/b><b class=\"trait-3\">\/<\/b><\/h2>\n<p>[\/vc_column_text][vc_column_text css=&#8221;.vc_custom_1649151650822{padding-top: 30px !important;}&#8221;]<\/p>\n<p style=\"text-align: justify;\">SiP (System-in-Package) are <strong>innovative, reliable and proprietary solutions optimized in size<\/strong> which will allow you to obtain a <strong>very strong integration<\/strong> and to <strong>simplify their use<\/strong> into your systems both from a mechanical point of view and when <strong>routing<\/strong> on your PCBs.<br \/>\nThey integrate several electronic components in <strong>the same package<\/strong> to achieve a complete function in a minimum <strong>volume in 3D<\/strong>. Whether your schematic integrates several active <strong>(analog, digital, sensors)<\/strong> and passive components<strong> (capacitors, resistors, inductors)<\/strong>, in the form of <strong>chips or packaged<\/strong>, we can study its <strong>integration thanks to several technologies<\/strong> in order to <strong>optimize the mechanical size<\/strong> of such more or less complex electronic functions, <strong>facilitate<\/strong> their use and even <strong>improve their performance<\/strong>.<\/p>\n<p>[\/vc_column_text][vc_column_text el_class=&#8221;liste-application&#8221;]<a href=\"https:\/\/emg2.com\/en\/applications\/communications\/\"><i>M<\/i><\/a><a href=\"https:\/\/emg2.com\/en\/applications\/defense-et-militaire\/\"><i>Y<\/i><\/a><a href=\"https:\/\/emg2.com\/en\/applications\/industriel\/\"><i>U<\/i><\/a><a href=\"https:\/\/emg2.com\/en\/applications\/securite\/\"><i>j<\/i><\/a><a href=\"https:\/\/emg2.com\/en\/applications\/environnements-severes\/\"><i>a<\/i><\/a><a href=\"https:\/\/emg2.com\/en\/applications\/medical\/\"><i>E<\/i><\/a><a href=\"https:\/\/emg2.com\/en\/applications\/transports\/\"><i>I<\/i><\/a>[\/vc_column_text][\/vc_column_inner][vc_column_inner width=&#8221;2\/5&#8243;][vc_single_image image=&#8221;940&#8243; img_size=&#8221;370&#215;300&#8243; alignment=&#8221;right&#8221; qode_css_animation=&#8221;&#8221;][\/vc_column_inner][\/vc_row_inner][vc_row_inner row_type=&#8221;row&#8221; type=&#8221;grid&#8221; text_align=&#8221;left&#8221; css_animation=&#8221;&#8221; el_class=&#8221;detail-row&#8221; css=&#8221;.vc_custom_1621938781080{margin-bottom: 60px !important;}&#8221; el_id=&#8221;anti_tampering&#8221;][vc_column_inner width=&#8221;2\/5&#8243;][vc_column_text el_class=&#8221;detail-subtitle&#8221;]<\/p>\n<h2>Anti-Tampering <b class=\"trait-1\">\/<\/b><b class=\"trait-2\">\/<\/b><b class=\"trait-3\">\/<\/b><\/h2>\n<p>[\/vc_column_text][vc_single_image image=&#8221;941&#8243; img_size=&#8221;370&#215;300&#8243; qode_css_animation=&#8221;&#8221;][\/vc_column_inner][vc_column_inner width=&#8221;3\/5&#8243;][vc_column_text css=&#8221;.vc_custom_1649151882131{padding-top: 30px !important;}&#8221;]<\/p>\n<p style=\"text-align: justify;\">To <strong>secure certain critical systems<\/strong> or simply to ensure the <strong>protection of IP<\/strong> and<strong> confidential electronic<\/strong> architectures, we offer several <strong>innovative anti-tampering techniques<\/strong>, in order to prevent any <strong>reverse engineering<\/strong> and <strong>visual analysis<\/strong> activity. The principle is simple: <strong>encapsulate several electronic components<\/strong> as well as their main signals in a box. On top of that, several techniques can be considered whether by the use of <strong>resins with specific opacity properties<\/strong>, the integration of <strong>parasitic circuitry or internal\/external meshes<\/strong>, but also through the use of <strong>physical or chemical destruction means<\/strong>.<\/p>\n<p>[\/vc_column_text][vc_column_text el_class=&#8221;liste-application&#8221;]<a href=\"https:\/\/emg2.com\/en\/applications\/communications\/\"><i>M<\/i><\/a><a href=\"https:\/\/emg2.com\/en\/applications\/defense-et-militaire\/\"><i>Y<\/i><\/a><a href=\"https:\/\/emg2.com\/en\/applications\/industriel\/\"><i>U<\/i><\/a><a href=\"https:\/\/emg2.com\/en\/applications\/securite\/\"><i>j<\/i><\/a><a href=\"https:\/\/emg2.com\/en\/applications\/transports\/\"><i>I<\/i><\/a>[\/vc_column_text][\/vc_column_inner][\/vc_row_inner][vc_row_inner row_type=&#8221;row&#8221; type=&#8221;grid&#8221; text_align=&#8221;left&#8221; css_animation=&#8221;&#8221; el_class=&#8221;detail-row&#8221; css=&#8221;.vc_custom_1621938859425{margin-bottom: 60px !important;}&#8221; el_id=&#8221;flexible&#8221;][vc_column_inner width=&#8221;3\/5&#8243;][vc_column_text el_class=&#8221;detail-subtitle&#8221;]<\/p>\n<h2>Thin and flexible batteries <b class=\"trait-1\">\/<\/b><b class=\"trait-2\">\/<\/b><b class=\"trait-3\">\/<\/b><\/h2>\n<p>[\/vc_column_text][vc_column_text css=&#8221;.vc_custom_1649152076065{padding-top: 30px !important;}&#8221;]<\/p>\n<p style=\"text-align: justify;\">To provide power supply to <strong>small systems (payment cards, TAG, IoT, Sensors, etc.)<\/strong> or for applications where <strong>thickness and flexibility<\/strong> are important parameters,\u00a0 we offer very <strong>thin and flexible energy storage solutions<\/strong> in various formats like <strong>printable batteries or paper batteries<\/strong>. These products offer voltages from <strong>1.5V to 5V<\/strong> with capacities up to several <strong>hundreds or thousands of mAh<\/strong> for a thickness of only <strong>few mm<\/strong> and lower.<br \/>\n<strong>Patches<\/strong> incorporating such batteries (<strong>cosmetic or pharmaceutical<\/strong> applications) are also available.<\/p>\n<p>[\/vc_column_text][vc_column_text el_class=&#8221;liste-application&#8221;]<a href=\"https:\/\/emg2.com\/en\/applications\/communications\/\"><i>M<\/i><\/a><a href=\"https:\/\/emg2.com\/en\/applications\/defense-et-militaire\/\"><i>Y<\/i><\/a><a href=\"https:\/\/emg2.com\/en\/applications\/industriel\/\"><i>U<\/i><\/a><a href=\"Https:\/\/emg2.com\/en\/applications\/scientifique\/\"><i>X<\/i><\/a><a href=\"https:\/\/emg2.com\/en\/applications\/securite\/\"><i>j<\/i><\/a><a href=\"https:\/\/emg2.com\/en\/applications\/environnements-severes\/\"><i>a<\/i><\/a><a href=\"https:\/\/emg2.com\/en\/applications\/medical\/\"><i>E<\/i><\/a><a href=\"https:\/\/emg2.com\/en\/applications\/transports\/\"><i>I<\/i><\/a>[\/vc_column_text][\/vc_column_inner][vc_column_inner width=&#8221;2\/5&#8243;][vc_single_image image=&#8221;979&#8243; img_size=&#8221;370&#215;300&#8243; alignment=&#8221;right&#8221; qode_css_animation=&#8221;&#8221;][\/vc_column_inner][\/vc_row_inner][\/vc_column][\/vc_row][vc_row css_animation=&#8221;&#8221; row_type=&#8221;row&#8221; use_row_as_full_screen_section=&#8221;no&#8221; type=&#8221;full_width&#8221; angled_section=&#8221;no&#8221; text_align=&#8221;left&#8221; background_image_as_pattern=&#8221;without_pattern&#8221; css=&#8221;.vc_custom_1610387821336{margin-bottom: 65px !important;}&#8221; z_index=&#8221;&#8221; el_class=&#8221;hidden&#8221;][vc_column][vc_row_inner row_type=&#8221;row&#8221; type=&#8221;grid&#8221; text_align=&#8221;left&#8221; css_animation=&#8221;&#8221;][vc_column_inner][vc_column_text el_class=&#8221;detail-subtitle&#8221;]<\/p>\n<h2>Markets <b class=\"trait-1\">\/<\/b><b class=\"trait-2\">\/<\/b><b class=\"trait-3\">\/<\/b><\/h2>\n<p>[\/vc_column_text][\/vc_column_inner][\/vc_row_inner][vc_row_inner row_type=&#8221;row&#8221; type=&#8221;grid&#8221; text_align=&#8221;left&#8221; css_animation=&#8221;&#8221;][vc_column_inner width=&#8221;1\/6&#8243;][vc_raw_html]JTNDaSUyMGNsYXNzJTNEJTIyaWNvbiUyMGljb24tYXBwbGljYXRpb25zJTIyJTNFJTI2JTIzeDAwNDMlM0IlM0MlMkZpJTNF[\/vc_raw_html][vc_column_text]<\/p>\n<p style=\"text-align: center;\">Transport<\/p>\n<p>[\/vc_column_text][\/vc_column_inner][vc_column_inner width=&#8221;1\/6&#8243;][\/vc_column_inner][vc_column_inner width=&#8221;1\/6&#8243;][\/vc_column_inner][vc_column_inner width=&#8221;1\/6&#8243;][\/vc_column_inner][vc_column_inner width=&#8221;1\/6&#8243;][\/vc_column_inner][vc_column_inner width=&#8221;1\/6&#8243;][\/vc_column_inner][\/vc_row_inner][\/vc_column][\/vc_row][vc_row css_animation=&#8221;&#8221; row_type=&#8221;row&#8221; use_row_as_full_screen_section=&#8221;no&#8221; type=&#8221;full_width&#8221; angled_section=&#8221;no&#8221; text_align=&#8221;left&#8221; background_image_as_pattern=&#8221;without_pattern&#8221; css=&#8221;.vc_custom_1610387840151{margin-bottom: 50px !important;}&#8221; z_index=&#8221;&#8221; el_class=&#8221;hidden&#8221;][vc_column][vc_row_inner row_type=&#8221;row&#8221; type=&#8221;grid&#8221; text_align=&#8221;left&#8221; css_animation=&#8221;&#8221;][vc_column_inner][vc_column_text el_class=&#8221;detail-subtitle&#8221;]<\/p>\n<h2>Partners <b class=\"trait-1\">\/<\/b><b class=\"trait-2\">\/<\/b><b class=\"trait-3\">\/<\/b><\/h2>\n<p>[\/vc_column_text][\/vc_column_inner][\/vc_row_inner][vc_row_inner row_type=&#8221;row&#8221; type=&#8221;grid&#8221; text_align=&#8221;left&#8221; css_animation=&#8221;&#8221;][vc_column_inner]<div class='qode_carousels_holder clearfix'><div class='qode_carousels' data-number-of-visible-items='5'><ul class='slides'>Sorry, no posts matched your criteria.<\/ul><\/div><\/div>[\/vc_column_inner][\/vc_row_inner][\/vc_column][\/vc_row][vc_row css_animation=&#8221;&#8221; row_type=&#8221;row&#8221; use_row_as_full_screen_section=&#8221;no&#8221; type=&#8221;full_width&#8221; angled_section=&#8221;no&#8221; text_align=&#8221;left&#8221; background_image_as_pattern=&#8221;without_pattern&#8221;][vc_column][vc_column_text css=&#8221;.vc_custom_1608141206335{margin-bottom: 60px !important;}&#8221;]<\/p>\n<p style=\"text-align: center;\"><a class=\"button-link-long\" href=\"\/en\/solutions\">Back to solutions<\/a><\/p>\n<p>[\/vc_column_text][\/vc_column][\/vc_row]<\/p>\n","protected":false},"excerpt":{"rendered":"<p>[vc_row css_animation=&#8221;&#8221; row_type=&#8221;row&#8221; use_row_as_full_screen_section=&#8221;no&#8221; type=&#8221;full_width&#8221; angled_section=&#8221;no&#8221; text_align=&#8221;left&#8221; background_image_as_pattern=&#8221;without_pattern&#8221; css=&#8221;.vc_custom_1610469537582{padding-top: 200px !important;padding-bottom: 200px !important;}&#8221; z_index=&#8221;&#8221; background_image=&#8221;932&#8243;][vc_column][\/vc_column][\/vc_row][vc_row css_animation=&#8221;&#8221; row_type=&#8221;row&#8221; use_row_as_full_screen_section=&#8221;no&#8221; type=&#8221;full_width&#8221; angled_section=&#8221;no&#8221; text_align=&#8221;left&#8221; background_image_as_pattern=&#8221;without_pattern&#8221;][vc_column][vc_row_inner row_type=&#8221;row&#8221; type=&#8221;grid&#8221; text_align=&#8221;left&#8221; css_animation=&#8221;&#8221; css=&#8221;.vc_custom_1608112591010{margin-bottom: 60px !important;}&#8221;][vc_column_inner][vc_column_text el_class=&#8221;title-page&#8221;] Miniaturization [\/vc_column_text][vc_column_text el_class=&#8221;home-subtitle hidden&#8221;]EMG2 vous propose diff\u00e9rentes solutions de stockage&#8230;<\/p>\n","protected":false},"author":3,"featured_media":0,"parent":1351,"menu_order":7,"comment_status":"closed","ping_status":"closed","template":"full_width.php","meta":{"footnotes":""},"class_list":["post-1336","page","type-page","status-publish","hentry"],"yoast_head":"<!-- This site is optimized with the Yoast SEO plugin v23.8 - https:\/\/yoast.com\/wordpress\/plugins\/seo\/ -->\n<title>Miniaturization - EMG2<\/title>\n<meta name=\"robots\" content=\"index, follow, max-snippet:-1, max-image-preview:large, max-video-preview:-1\" \/>\n<link rel=\"canonical\" href=\"https:\/\/emg2.com\/en\/solutions\/miniaturization\/\" \/>\n<meta property=\"og:locale\" content=\"en_US\" \/>\n<meta property=\"og:type\" content=\"article\" \/>\n<meta property=\"og:title\" content=\"Miniaturization - EMG2\" \/>\n<meta property=\"og:description\" content=\"[vc_row css_animation=&#8221;&#8221; row_type=&#8221;row&#8221; use_row_as_full_screen_section=&#8221;no&#8221; type=&#8221;full_width&#8221; angled_section=&#8221;no&#8221; text_align=&#8221;left&#8221; background_image_as_pattern=&#8221;without_pattern&#8221; css=&#8221;.vc_custom_1610469537582{padding-top: 200px !important;padding-bottom: 200px !important;}&#8221; z_index=&#8221;&#8221; background_image=&#8221;932&#8243;][vc_column][\/vc_column][\/vc_row][vc_row css_animation=&#8221;&#8221; row_type=&#8221;row&#8221; use_row_as_full_screen_section=&#8221;no&#8221; type=&#8221;full_width&#8221; angled_section=&#8221;no&#8221; text_align=&#8221;left&#8221; background_image_as_pattern=&#8221;without_pattern&#8221;][vc_column][vc_row_inner row_type=&#8221;row&#8221; type=&#8221;grid&#8221; text_align=&#8221;left&#8221; css_animation=&#8221;&#8221; css=&#8221;.vc_custom_1608112591010{margin-bottom: 60px !important;}&#8221;][vc_column_inner][vc_column_text el_class=&#8221;title-page&#8221;] Miniaturization [\/vc_column_text][vc_column_text el_class=&#8221;home-subtitle hidden&#8221;]EMG2 vous propose diff\u00e9rentes solutions de stockage...\" \/>\n<meta property=\"og:url\" content=\"https:\/\/emg2.com\/en\/solutions\/miniaturization\/\" \/>\n<meta property=\"og:site_name\" content=\"EMG2\" \/>\n<meta property=\"article:modified_time\" content=\"2022-04-05T09:48:23+00:00\" \/>\n<meta name=\"twitter:card\" content=\"summary_large_image\" \/>\n<script type=\"application\/ld+json\" class=\"yoast-schema-graph\">{\"@context\":\"https:\/\/schema.org\",\"@graph\":[{\"@type\":\"WebPage\",\"@id\":\"https:\/\/emg2.com\/en\/solutions\/miniaturization\/\",\"url\":\"https:\/\/emg2.com\/en\/solutions\/miniaturization\/\",\"name\":\"Miniaturization - EMG2\",\"isPartOf\":{\"@id\":\"https:\/\/emg2.com\/#website\"},\"datePublished\":\"2021-05-10T09:56:30+00:00\",\"dateModified\":\"2022-04-05T09:48:23+00:00\",\"breadcrumb\":{\"@id\":\"https:\/\/emg2.com\/en\/solutions\/miniaturization\/#breadcrumb\"},\"inLanguage\":\"en-US\",\"potentialAction\":[{\"@type\":\"ReadAction\",\"target\":[\"https:\/\/emg2.com\/en\/solutions\/miniaturization\/\"]}]},{\"@type\":\"BreadcrumbList\",\"@id\":\"https:\/\/emg2.com\/en\/solutions\/miniaturization\/#breadcrumb\",\"itemListElement\":[{\"@type\":\"ListItem\",\"position\":1,\"name\":\"Accueil\",\"item\":\"https:\/\/emg2.com\/en\/\"},{\"@type\":\"ListItem\",\"position\":2,\"name\":\"Solutions\",\"item\":\"https:\/\/emg2.com\/en\/solutions\/\"},{\"@type\":\"ListItem\",\"position\":3,\"name\":\"Miniaturization\"}]},{\"@type\":\"WebSite\",\"@id\":\"https:\/\/emg2.com\/#website\",\"url\":\"https:\/\/emg2.com\/\",\"name\":\"EMG2\",\"description\":\"Technologies Innovantes\",\"publisher\":{\"@id\":\"https:\/\/emg2.com\/#organization\"},\"potentialAction\":[{\"@type\":\"SearchAction\",\"target\":{\"@type\":\"EntryPoint\",\"urlTemplate\":\"https:\/\/emg2.com\/?s={search_term_string}\"},\"query-input\":{\"@type\":\"PropertyValueSpecification\",\"valueRequired\":true,\"valueName\":\"search_term_string\"}}],\"inLanguage\":\"en-US\"},{\"@type\":\"Organization\",\"@id\":\"https:\/\/emg2.com\/#organization\",\"name\":\"EMG2\",\"url\":\"https:\/\/emg2.com\/\",\"logo\":{\"@type\":\"ImageObject\",\"inLanguage\":\"en-US\",\"@id\":\"https:\/\/emg2.com\/#\/schema\/logo\/image\/\",\"url\":\"https:\/\/emg2.com\/wp-content\/uploads\/2024\/11\/logo-1.png\",\"contentUrl\":\"https:\/\/emg2.com\/wp-content\/uploads\/2024\/11\/logo-1.png\",\"width\":200,\"height\":140,\"caption\":\"EMG2\"},\"image\":{\"@id\":\"https:\/\/emg2.com\/#\/schema\/logo\/image\/\"},\"sameAs\":[\"https:\/\/fr.linkedin.com\/company\/emg2\"]}]}<\/script>\n<!-- \/ Yoast SEO plugin. -->","yoast_head_json":{"title":"Miniaturization - EMG2","robots":{"index":"index","follow":"follow","max-snippet":"max-snippet:-1","max-image-preview":"max-image-preview:large","max-video-preview":"max-video-preview:-1"},"canonical":"https:\/\/emg2.com\/en\/solutions\/miniaturization\/","og_locale":"en_US","og_type":"article","og_title":"Miniaturization - EMG2","og_description":"[vc_row css_animation=&#8221;&#8221; row_type=&#8221;row&#8221; use_row_as_full_screen_section=&#8221;no&#8221; type=&#8221;full_width&#8221; angled_section=&#8221;no&#8221; text_align=&#8221;left&#8221; background_image_as_pattern=&#8221;without_pattern&#8221; css=&#8221;.vc_custom_1610469537582{padding-top: 200px !important;padding-bottom: 200px !important;}&#8221; z_index=&#8221;&#8221; background_image=&#8221;932&#8243;][vc_column][\/vc_column][\/vc_row][vc_row css_animation=&#8221;&#8221; row_type=&#8221;row&#8221; use_row_as_full_screen_section=&#8221;no&#8221; type=&#8221;full_width&#8221; angled_section=&#8221;no&#8221; text_align=&#8221;left&#8221; background_image_as_pattern=&#8221;without_pattern&#8221;][vc_column][vc_row_inner row_type=&#8221;row&#8221; type=&#8221;grid&#8221; text_align=&#8221;left&#8221; css_animation=&#8221;&#8221; css=&#8221;.vc_custom_1608112591010{margin-bottom: 60px !important;}&#8221;][vc_column_inner][vc_column_text el_class=&#8221;title-page&#8221;] Miniaturization [\/vc_column_text][vc_column_text el_class=&#8221;home-subtitle hidden&#8221;]EMG2 vous propose diff\u00e9rentes solutions de stockage...","og_url":"https:\/\/emg2.com\/en\/solutions\/miniaturization\/","og_site_name":"EMG2","article_modified_time":"2022-04-05T09:48:23+00:00","twitter_card":"summary_large_image","schema":{"@context":"https:\/\/schema.org","@graph":[{"@type":"WebPage","@id":"https:\/\/emg2.com\/en\/solutions\/miniaturization\/","url":"https:\/\/emg2.com\/en\/solutions\/miniaturization\/","name":"Miniaturization - EMG2","isPartOf":{"@id":"https:\/\/emg2.com\/#website"},"datePublished":"2021-05-10T09:56:30+00:00","dateModified":"2022-04-05T09:48:23+00:00","breadcrumb":{"@id":"https:\/\/emg2.com\/en\/solutions\/miniaturization\/#breadcrumb"},"inLanguage":"en-US","potentialAction":[{"@type":"ReadAction","target":["https:\/\/emg2.com\/en\/solutions\/miniaturization\/"]}]},{"@type":"BreadcrumbList","@id":"https:\/\/emg2.com\/en\/solutions\/miniaturization\/#breadcrumb","itemListElement":[{"@type":"ListItem","position":1,"name":"Accueil","item":"https:\/\/emg2.com\/en\/"},{"@type":"ListItem","position":2,"name":"Solutions","item":"https:\/\/emg2.com\/en\/solutions\/"},{"@type":"ListItem","position":3,"name":"Miniaturization"}]},{"@type":"WebSite","@id":"https:\/\/emg2.com\/#website","url":"https:\/\/emg2.com\/","name":"EMG2","description":"Technologies Innovantes","publisher":{"@id":"https:\/\/emg2.com\/#organization"},"potentialAction":[{"@type":"SearchAction","target":{"@type":"EntryPoint","urlTemplate":"https:\/\/emg2.com\/?s={search_term_string}"},"query-input":{"@type":"PropertyValueSpecification","valueRequired":true,"valueName":"search_term_string"}}],"inLanguage":"en-US"},{"@type":"Organization","@id":"https:\/\/emg2.com\/#organization","name":"EMG2","url":"https:\/\/emg2.com\/","logo":{"@type":"ImageObject","inLanguage":"en-US","@id":"https:\/\/emg2.com\/#\/schema\/logo\/image\/","url":"https:\/\/emg2.com\/wp-content\/uploads\/2024\/11\/logo-1.png","contentUrl":"https:\/\/emg2.com\/wp-content\/uploads\/2024\/11\/logo-1.png","width":200,"height":140,"caption":"EMG2"},"image":{"@id":"https:\/\/emg2.com\/#\/schema\/logo\/image\/"},"sameAs":["https:\/\/fr.linkedin.com\/company\/emg2"]}]}},"jetpack_sharing_enabled":true,"_links":{"self":[{"href":"https:\/\/emg2.com\/en\/wp-json\/wp\/v2\/pages\/1336","targetHints":{"allow":["GET"]}}],"collection":[{"href":"https:\/\/emg2.com\/en\/wp-json\/wp\/v2\/pages"}],"about":[{"href":"https:\/\/emg2.com\/en\/wp-json\/wp\/v2\/types\/page"}],"author":[{"embeddable":true,"href":"https:\/\/emg2.com\/en\/wp-json\/wp\/v2\/users\/3"}],"replies":[{"embeddable":true,"href":"https:\/\/emg2.com\/en\/wp-json\/wp\/v2\/comments?post=1336"}],"version-history":[{"count":9,"href":"https:\/\/emg2.com\/en\/wp-json\/wp\/v2\/pages\/1336\/revisions"}],"predecessor-version":[{"id":1529,"href":"https:\/\/emg2.com\/en\/wp-json\/wp\/v2\/pages\/1336\/revisions\/1529"}],"up":[{"embeddable":true,"href":"https:\/\/emg2.com\/en\/wp-json\/wp\/v2\/pages\/1351"}],"wp:attachment":[{"href":"https:\/\/emg2.com\/en\/wp-json\/wp\/v2\/media?parent=1336"}],"curies":[{"name":"wp","href":"https:\/\/api.w.org\/{rel}","templated":true}]}}